{"id":469,"date":"2023-11-28T16:26:24","date_gmt":"2023-11-28T16:26:24","guid":{"rendered":"https:\/\/bncuba.org\/?page_id=469"},"modified":"2024-10-31T15:49:13","modified_gmt":"2024-10-31T15:49:13","slug":"directivos-nacionales-y-reglamento","status":"publish","type":"page","link":"https:\/\/bncuba.org\/index.php\/directivos-nacionales-y-reglamento\/","title":{"rendered":"Directivos Nacionales y Reglamento"},"content":{"rendered":"\t\t<div data-elementor-type=\"wp-page\" data-elementor-id=\"469\" class=\"elementor elementor-469\">\n\t\t\t\t<div class=\"elementor-element elementor-element-3c886df e-flex e-con-boxed e-con e-parent\" data-id=\"3c886df\" data-element_type=\"container\" data-e-type=\"container\">\n\t\t\t\t\t<div class=\"e-con-inner\">\n\t\t\t\t<div class=\"elementor-element elementor-element-455b654 elementor-widget elementor-widget-heading\" data-id=\"455b654\" data-element_type=\"widget\" data-e-type=\"widget\" data-widget_type=\"heading.default\">\n\t\t\t\t<div class=\"elementor-widget-container\">\n\t\t\t\t\t<h2 class=\"elementor-heading-title elementor-size-default\">Directivos Nacionales, Prebisteriales y Ministeriales<\/h2>\t\t\t\t<\/div>\n\t\t\t\t<\/div>\n\t\t\t\t\t<\/div>\n\t\t\t\t<\/div>\n\t\t<div class=\"elementor-element elementor-element-2b3d90e e-flex e-con-boxed e-con e-parent\" data-id=\"2b3d90e\" data-element_type=\"container\" data-e-type=\"container\">\n\t\t\t\t\t<div class=\"e-con-inner\">\n\t\t<div class=\"elementor-element elementor-element-26ee358 e-con-full e-flex e-con e-child\" data-id=\"26ee358\" data-element_type=\"container\" data-e-type=\"container\">\n\t\t\t\t<div class=\"elementor-element elementor-element-c895bba eael-infobox-shape-square eael-infobox-hover-img-shape-square elementor-widget elementor-widget-eael-info-box\" data-id=\"c895bba\" data-element_type=\"widget\" data-e-type=\"widget\" data-widget_type=\"eael-info-box.default\">\n\t\t\t\t<div class=\"elementor-widget-container\">\n\t\t\t\t\t        <div class=\"eael-infobox icon-on-left\">\n\t            <div class=\"infobox-icon elementor-animation-grow\">\n\n                            <img decoding=\"async\" src=\"https:\/\/bncuba.org\/wp-content\/uploads\/2023\/11\/Fernando.png\" alt=\"\">\n            \n            \n            \n        <\/div>\n            <div class=\"infobox-content\">\n        <div><p><br \/><span style=\"color: #808080\"><strong>Fernando Rodr\u00edguez Bravo<\/strong><\/span><br \/><span style=\"color: #008080\"><strong> PRESIDENTE<\/strong><\/span><\/p><\/div>        <\/div>\n            <\/div>\n\n\t\t\t\t\t\t<\/div>\n\t\t\t\t<\/div>\n\t\t\t\t<\/div>\n\t\t<div class=\"elementor-element elementor-element-d114e3b e-con-full e-flex e-con e-child\" data-id=\"d114e3b\" data-element_type=\"container\" data-e-type=\"container\">\n\t\t\t\t<div class=\"elementor-element elementor-element-09119c6 eael-infobox-shape-square eael-infobox-hover-img-shape-square elementor-widget elementor-widget-eael-info-box\" data-id=\"09119c6\" data-element_type=\"widget\" data-e-type=\"widget\" data-widget_type=\"eael-info-box.default\">\n\t\t\t\t<div class=\"elementor-widget-container\">\n\t\t\t\t\t        <div class=\"eael-infobox icon-on-left\">\n\t            <div class=\"infobox-icon elementor-animation-grow\">\n\n                            <img decoding=\"async\" src=\"https:\/\/bncuba.org\/wp-content\/uploads\/2023\/11\/jorge.png\" alt=\"\">\n            \n            \n            \n        <\/div>\n            <div class=\"infobox-content\">\n        <div><p><br \/><span style=\"color: #808080\"><strong>Jorge F\u00e9lix Exp\u00f3sito Lorenzo<\/strong><\/span><br \/><span style=\"color: #008080\"><strong> SECRETARIO<\/strong><\/span><\/p><\/div>        <\/div>\n            <\/div>\n\n\t\t\t\t\t\t<\/div>\n\t\t\t\t<\/div>\n\t\t\t\t<\/div>\n\t\t<div class=\"elementor-element elementor-element-8b414af e-con-full e-flex e-con e-child\" data-id=\"8b414af\" data-element_type=\"container\" data-e-type=\"container\">\n\t\t\t\t<div class=\"elementor-element elementor-element-7807ef1 eael-infobox-shape-square eael-infobox-hover-img-shape-square elementor-widget elementor-widget-eael-info-box\" data-id=\"7807ef1\" data-element_type=\"widget\" data-e-type=\"widget\" data-widget_type=\"eael-info-box.default\">\n\t\t\t\t<div class=\"elementor-widget-container\">\n\t\t\t\t\t        <div class=\"eael-infobox icon-on-left\">\n\t            <div class=\"infobox-icon elementor-animation-grow\">\n\n                            <img decoding=\"async\" src=\"https:\/\/bncuba.org\/wp-content\/uploads\/2023\/11\/yoel.png\" alt=\"\">\n            \n            \n            \n        <\/div>\n            <div class=\"infobox-content\">\n        <div><p><br \/><span style=\"color: #808080\"><strong>Yoel Rodr\u00edguez Vilorio<\/strong><\/span><br \/><span style=\"color: #008080\"><strong>TESORERO<\/strong><\/span><\/p><\/div>        <\/div>\n            <\/div>\n\n\t\t\t\t\t\t<\/div>\n\t\t\t\t<\/div>\n\t\t\t\t<\/div>\n\t\t<div class=\"elementor-element elementor-element-5294181 e-con-full e-flex e-con e-child\" data-id=\"5294181\" data-element_type=\"container\" data-e-type=\"container\">\n\t\t\t\t<div class=\"elementor-element elementor-element-f10f139 eael-infobox-shape-square eael-infobox-hover-img-shape-square elementor-widget elementor-widget-eael-info-box\" data-id=\"f10f139\" data-element_type=\"widget\" data-e-type=\"widget\" data-widget_type=\"eael-info-box.default\">\n\t\t\t\t<div class=\"elementor-widget-container\">\n\t\t\t\t\t        <div class=\"eael-infobox icon-on-left\">\n\t            <div class=\"infobox-icon elementor-animation-grow\">\n\n                            <img decoding=\"async\" src=\"https:\/\/bncuba.org\/wp-content\/uploads\/2023\/11\/misael.png\" alt=\"\">\n            \n            \n            \n        <\/div>\n            <div class=\"infobox-content\">\n        <div><p><span style=\"color: #808080\"><strong>Misael L\u00f3pez Vald\u00e9s<\/strong><\/span><br \/><span style=\"color: #008080\"><strong>VICEPRESIDENTE<\/strong><\/span><\/p><p>\u00a0<\/p><\/div>        <\/div>\n            <\/div>\n\n\t\t\t\t\t\t<\/div>\n\t\t\t\t<\/div>\n\t\t\t\t<\/div>\n\t\t<div class=\"elementor-element elementor-element-26f143f e-con-full e-flex e-con e-child\" data-id=\"26f143f\" data-element_type=\"container\" data-e-type=\"container\">\n\t\t\t\t<div class=\"elementor-element elementor-element-1e9f353 eael-infobox-shape-square eael-infobox-hover-img-shape-square elementor-widget elementor-widget-eael-info-box\" data-id=\"1e9f353\" data-element_type=\"widget\" data-e-type=\"widget\" data-widget_type=\"eael-info-box.default\">\n\t\t\t\t<div class=\"elementor-widget-container\">\n\t\t\t\t\t        <div class=\"eael-infobox icon-on-left\">\n\t            <div class=\"infobox-icon elementor-animation-grow\">\n\n                            <img decoding=\"async\" src=\"https:\/\/bncuba.org\/wp-content\/uploads\/2023\/11\/alain.png\" alt=\"\">\n            \n            \n            \n        <\/div>\n            <div class=\"infobox-content\">\n        <div><p><span style=\"color: #808080\"><strong>Alain Rodr\u00edguez Bravo<\/strong><\/span><br \/><span style=\"color: #008080\"><strong>VICESECRETARIO<\/strong><\/span><\/p><\/div>        <\/div>\n            <\/div>\n\n\t\t\t\t\t\t<\/div>\n\t\t\t\t<\/div>\n\t\t\t\t<\/div>\n\t\t<div class=\"elementor-element elementor-element-e1fa5d2 e-con-full e-flex e-con e-child\" data-id=\"e1fa5d2\" data-element_type=\"container\" data-e-type=\"container\">\n\t\t\t\t<div class=\"elementor-element elementor-element-dd1b4b4 eael-infobox-shape-square eael-infobox-hover-img-shape-square elementor-widget elementor-widget-eael-info-box\" data-id=\"dd1b4b4\" data-element_type=\"widget\" data-e-type=\"widget\" data-widget_type=\"eael-info-box.default\">\n\t\t\t\t<div class=\"elementor-widget-container\">\n\t\t\t\t\t        <div class=\"eael-infobox icon-on-left\">\n\t            <div class=\"infobox-icon elementor-animation-grow\">\n\n                            <img decoding=\"async\" src=\"https:\/\/bncuba.org\/wp-content\/uploads\/2023\/11\/daniel.png\" alt=\"\">\n            \n            \n            \n        <\/div>\n            <div class=\"infobox-content\">\n        <div><p><span style=\"color: #808080\"><strong>Daniel Mart\u00ednez Hern\u00e1ndez<\/strong><\/span><br \/><span style=\"color: #008080\"><strong>VICETESORERO<\/strong><\/span><\/p><\/div>        <\/div>\n            <\/div>\n\n\t\t\t\t\t\t<\/div>\n\t\t\t\t<\/div>\n\t\t\t\t<\/div>\n\t\t\t\t\t<\/div>\n\t\t\t\t<\/div>\n\t\t<div class=\"elementor-element elementor-element-6c4d916 e-flex e-con-boxed e-con e-parent\" data-id=\"6c4d916\" data-element_type=\"container\" data-e-type=\"container\">\n\t\t\t\t\t<div class=\"e-con-inner\">\n\t\t\t\t<div class=\"elementor-element elementor-element-05a4c46 elementor-widget elementor-widget-toggle\" data-id=\"05a4c46\" data-element_type=\"widget\" data-e-type=\"widget\" data-widget_type=\"toggle.default\">\n\t\t\t\t<div class=\"elementor-widget-container\">\n\t\t\t\t\t\t\t<div class=\"elementor-toggle\">\n\t\t\t\t\t\t\t<div class=\"elementor-toggle-item\">\n\t\t\t\t\t<div id=\"elementor-tab-title-5911\" class=\"elementor-tab-title\" data-tab=\"1\" role=\"button\" aria-controls=\"elementor-tab-content-5911\" aria-expanded=\"false\">\n\t\t\t\t\t\t\t\t\t\t\t\t<span class=\"elementor-toggle-icon elementor-toggle-icon-left\" aria-hidden=\"true\">\n\t\t\t\t\t\t\t\t\t\t\t\t\t\t\t<span class=\"elementor-toggle-icon-closed\"><i class=\"fas fa-church\"><\/i><\/span>\n\t\t\t\t\t\t\t\t<span class=\"elementor-toggle-icon-opened\"><i class=\"elementor-toggle-icon-opened fas fa-church\"><\/i><\/span>\n\t\t\t\t\t\t\t\t\t\t\t\t\t<\/span>\n\t\t\t\t\t\t\t\t\t\t\t\t<a class=\"elementor-toggle-title\" tabindex=\"0\">_Presb\u00edteros<\/a>\n\t\t\t\t\t<\/div>\n\n\t\t\t\t\t<div id=\"elementor-tab-content-5911\" class=\"elementor-tab-content elementor-clearfix\" data-tab=\"1\" role=\"region\" aria-labelledby=\"elementor-tab-title-5911\"><hr \/><p style=\"text-align: center;\"><strong style=\"text-align: center;\"><span style=\"color: #339966;\">OCCIDENTE<\/span><\/strong><\/p><p><strong><img decoding=\"async\" class=\"wp-image-520 aligncenter\" src=\"http:\/\/bncuba.org\/wp-content\/uploads\/2023\/11\/yamile.png\" alt=\"\" width=\"100\" height=\"100\" \/><\/strong><\/p><p style=\"text-align: center;\"><strong>YAMILE CRUZ DELGADO<\/strong><\/p><hr \/><p style=\"text-align: center;\"><strong><span style=\"color: #339966;\">VILLA CLARA NORTE<\/span>\u00a0<\/strong><\/p><p><img decoding=\"async\" class=\"wp-image-521 aligncenter\" src=\"http:\/\/bncuba.org\/wp-content\/uploads\/2023\/11\/skerrit.png\" alt=\"\" width=\"100\" height=\"100\" \/><\/p><p style=\"text-align: center;\"><strong>\u00a0 \u00a0 \u00a0 \u00a0\u00a0<\/strong><strong>LAZARO G. SKERRIT RODRIGUEZ<\/strong><\/p><hr \/><p style=\"text-align: center;\"><strong><span style=\"color: #339966;\">VILLA CLARA CENTRO<\/span><\/strong><strong><span style=\"color: #339966;\"><img decoding=\"async\" class=\"size-full wp-image-525 aligncenter\" src=\"http:\/\/bncuba.org\/wp-content\/uploads\/2023\/11\/silva.png\" alt=\"\" width=\"100\" height=\"100\" \/><\/span> YOEL SILVA GONZALEZ<\/strong><\/p><hr \/><p style=\"text-align: center;\"><strong><span style=\"color: #339966;\">VILLA CLARA ESTE<\/span><\/strong><\/p><p><img loading=\"lazy\" decoding=\"async\" class=\"size-full wp-image-527 aligncenter\" src=\"http:\/\/bncuba.org\/wp-content\/uploads\/2023\/11\/ramon.png\" alt=\"\" width=\"100\" height=\"100\" \/><\/p><p style=\"text-align: center;\"><strong>RAMON SAN JUAN TORNA<\/strong><\/p><hr \/><p style=\"text-align: center;\"><strong><span style=\"color: #339966;\">SANCTI SPIRITUS<\/span><\/strong><\/p><p style=\"text-align: center;\"><img loading=\"lazy\" decoding=\"async\" class=\"alignnone size-full wp-image-532\" src=\"http:\/\/bncuba.org\/wp-content\/uploads\/2023\/11\/ismael.png\" alt=\"\" width=\"100\" height=\"100\" \/><\/p><p style=\"text-align: center;\"><strong>ISMAEL LOPEZ VALDEZ<\/strong><\/p><hr \/><p style=\"text-align: center;\"><strong><span style=\"color: #339966;\">CIEGO DE AVILA<\/span><\/strong><\/p><p style=\"text-align: center;\">FOTO<\/p><p style=\"text-align: center;\"><strong>ANTONIO MARI\u00d1O TERRERO<\/strong><\/p><hr \/><p style=\"text-align: center;\"><strong><span style=\"color: #339966;\">CAMAGUEY<\/span><\/strong><\/p><p style=\"text-align: center;\">FOTO<\/p><p style=\"text-align: center;\"><strong>REINALDO VARONA GONCALEZ<\/strong><\/p><hr \/><p style=\"text-align: center;\"><strong><span style=\"color: #339966;\">ORIENTE NORTE<\/span><\/strong><\/p><p style=\"text-align: center;\"><img loading=\"lazy\" decoding=\"async\" class=\"alignnone size-full wp-image-535\" src=\"http:\/\/bncuba.org\/wp-content\/uploads\/2023\/11\/oscar.png\" alt=\"\" width=\"100\" height=\"100\" \/><\/p><p style=\"text-align: center;\"><strong>OSCAR GOMEZ BAUTA<\/strong><\/p><hr \/><p style=\"text-align: center;\"><strong><span style=\"color: #339966;\">ORIENTE SUR<\/span><\/strong><\/p><p style=\"text-align: center;\"><img loading=\"lazy\" decoding=\"async\" class=\"alignnone size-full wp-image-536\" src=\"http:\/\/bncuba.org\/wp-content\/uploads\/2023\/11\/amarilis.png\" alt=\"\" width=\"100\" height=\"100\" \/><\/p><p style=\"text-align: center;\"><strong>AMARILIS REYES ROSABAL<\/strong><\/p><\/div>\n\t\t\t\t<\/div>\n\t\t\t\t\t\t\t<div class=\"elementor-toggle-item\">\n\t\t\t\t\t<div id=\"elementor-tab-title-5912\" class=\"elementor-tab-title\" data-tab=\"2\" role=\"button\" aria-controls=\"elementor-tab-content-5912\" aria-expanded=\"false\">\n\t\t\t\t\t\t\t\t\t\t\t\t<span class=\"elementor-toggle-icon elementor-toggle-icon-left\" aria-hidden=\"true\">\n\t\t\t\t\t\t\t\t\t\t\t\t\t\t\t<span class=\"elementor-toggle-icon-closed\"><i class=\"fas fa-church\"><\/i><\/span>\n\t\t\t\t\t\t\t\t<span class=\"elementor-toggle-icon-opened\"><i class=\"elementor-toggle-icon-opened fas fa-church\"><\/i><\/span>\n\t\t\t\t\t\t\t\t\t\t\t\t\t<\/span>\n\t\t\t\t\t\t\t\t\t\t\t\t<a class=\"elementor-toggle-title\" tabindex=\"0\">_Ministerios<\/a>\n\t\t\t\t\t<\/div>\n\n\t\t\t\t\t<div id=\"elementor-tab-content-5912\" class=\"elementor-tab-content elementor-clearfix\" data-tab=\"2\" role=\"region\" aria-labelledby=\"elementor-tab-title-5912\"><hr \/><p><strong><span style=\"color: #339966;\">NI\u00d1OS<\/span>:<\/strong><\/p><ul><li><strong>JASIEL LOPEZ FRUTO<\/strong><\/li><li><strong>MARIA DE JESUS SALINAS<\/strong><\/li><li><strong>DARIANNA ARDITE MARIN<\/strong><\/li><\/ul><hr \/><p><strong><span style=\"color: #339966;\">J\u00d3VENES<\/span>:<\/strong><\/p><ul><li><strong>JORGE LUIS MEDEROS MORENO<\/strong><\/li><\/ul><hr \/><p><strong><span style=\"color: #339966;\">MUJERES<\/span>:<\/strong><\/p><ul><li><strong>MARISEL A. MARTINEZ JIMENEZ<\/strong><\/li><li><strong>DIANA GOMEZ ROMERO<\/strong><\/li><li><strong>YANEISY GOMEZ ROMERO<\/strong><\/li><\/ul><hr \/><p><strong><span style=\"color: #339966;\">HOMBRES<\/span>:<\/strong><\/p><ul><li><strong>YOEL SILVA GONZALEZ<\/strong><\/li><\/ul><hr \/><p><strong><span style=\"color: #339966;\">FAMILIA<\/span>:<\/strong><\/p><ul><li><strong>ISMAEL L\u00d3PEZ VALDEZ<\/strong><\/li><\/ul><hr \/><p><strong><span style=\"color: #339966;\">MUSICA<\/span>:<\/strong><\/p><ul><li><strong>ELIER LOPEZ FRUTO<\/strong><\/li><li><strong>ELIZABETH RODRIGUEZ GOMEZ<\/strong><\/li><li><strong>ISMERAY LOPEZ FRUTO<\/strong><\/li><\/ul><hr \/><p><strong><span style=\"color: #339966;\">DEPORTE<\/span>:<\/strong><\/p><ul><li><strong>YOEL RODRIGUEZ VILORIO<\/strong><\/li><\/ul><hr \/><p><strong><span style=\"color: #339966;\">MEDICO<\/span>:<\/strong><\/p><ul><li><strong>FERNANDO J. RODRIGUEZ GOMEZ<\/strong><\/li><li><strong>JORGE L. DOMINGUEZ HERRERA<\/strong><\/li><li><strong>ISLAY P. CABRERA VASQUEZ<\/strong><\/li><\/ul><hr \/><p><strong><span style=\"color: #339966;\">EVANGELISMO<\/span>:<\/strong><\/p><ul><li><strong>JOEL HERNANDEZ SANTANDER<\/strong><\/li><\/ul><hr \/><p><strong><span style=\"color: #339966;\">INFORMATICA<\/span>:<\/strong><\/p><ul><li><strong>CARLOS J. PALACIOS MORALES<\/strong><\/li><\/ul><hr \/><\/div>\n\t\t\t\t<\/div>\n\t\t\t\t\t\t\t\t<\/div>\n\t\t\t\t\t\t<\/div>\n\t\t\t\t<\/div>\n\t\t\t\t\t<\/div>\n\t\t\t\t<\/div>\n\t\t\t\t<\/div>\n\t\t","protected":false},"excerpt":{"rendered":"<p>Directivos Nacionales, Prebisteriales y Ministeriales Fernando Rodr\u00edguez Bravo PRESIDENTE Jorge F\u00e9lix Exp\u00f3sito Lorenzo SECRETARIO Yoel Rodr\u00edguez VilorioTESORERO Misael L\u00f3pez Vald\u00e9sVICEPRESIDENTE \u00a0 Alain Rodr\u00edguez BravoVICESECRETARIO Daniel Mart\u00ednez Hern\u00e1ndezVICETESORERO _Presb\u00edteros OCCIDENTE YAMILE CRUZ DELGADO VILLA CLARA NORTE\u00a0 \u00a0 \u00a0 \u00a0 \u00a0\u00a0LAZARO G. SKERRIT RODRIGUEZ VILLA CLARA CENTRO YOEL SILVA GONZALEZ VILLA CLARA ESTE RAMON SAN JUAN TORNA&hellip;&nbsp;<a href=\"https:\/\/bncuba.org\/index.php\/directivos-nacionales-y-reglamento\/\" class=\"\" rel=\"bookmark\">Leer m\u00e1s &raquo;<span class=\"screen-reader-text\">Directivos Nacionales y Reglamento<\/span><\/a><\/p>\n","protected":false},"author":1,"featured_media":0,"parent":0,"menu_order":0,"comment_status":"closed","ping_status":"closed","template":"page-templates\/template-pagebuilder-full-width.php","meta":{"neve_meta_sidebar":"","neve_meta_container":"","neve_meta_enable_content_width":"","neve_meta_content_width":0,"neve_meta_title_alignment":"","neve_meta_author_avatar":"","neve_post_elements_order":"","neve_meta_disable_header":"","neve_meta_disable_footer":"","neve_meta_disable_title":"","footnotes":""},"class_list":["post-469","page","type-page","status-publish","hentry"],"_links":{"self":[{"href":"https:\/\/bncuba.org\/index.php\/wp-json\/wp\/v2\/pages\/469","targetHints":{"allow":["GET"]}}],"collection":[{"href":"https:\/\/bncuba.org\/index.php\/wp-json\/wp\/v2\/pages"}],"about":[{"href":"https:\/\/bncuba.org\/index.php\/wp-json\/wp\/v2\/types\/page"}],"author":[{"embeddable":true,"href":"https:\/\/bncuba.org\/index.php\/wp-json\/wp\/v2\/users\/1"}],"replies":[{"embeddable":true,"href":"https:\/\/bncuba.org\/index.php\/wp-json\/wp\/v2\/comments?post=469"}],"version-history":[{"count":91,"href":"https:\/\/bncuba.org\/index.php\/wp-json\/wp\/v2\/pages\/469\/revisions"}],"predecessor-version":[{"id":752,"href":"https:\/\/bncuba.org\/index.php\/wp-json\/wp\/v2\/pages\/469\/revisions\/752"}],"wp:attachment":[{"href":"https:\/\/bncuba.org\/index.php\/wp-json\/wp\/v2\/media?parent=469"}],"curies":[{"name":"wp","href":"https:\/\/api.w.org\/{rel}","templated":true}]}}