{"id":51,"date":"2022-10-27T16:34:49","date_gmt":"2022-10-27T16:34:49","guid":{"rendered":"http:\/\/152.206.119.176\/bncuba.org\/?page_id=51"},"modified":"2024-10-29T13:18:58","modified_gmt":"2024-10-29T13:18:58","slug":"declaracion-de-fe","status":"publish","type":"page","link":"https:\/\/bncuba.org\/index.php\/declaracion-de-fe\/","title":{"rendered":"Constituci\u00f3n y Declaraci\u00f3n de Fe"},"content":{"rendered":"\t\t<div data-elementor-type=\"wp-page\" data-elementor-id=\"51\" class=\"elementor elementor-51\">\n\t\t\t\t<div class=\"elementor-element elementor-element-306e3e0 e-flex e-con-boxed e-con e-parent\" data-id=\"306e3e0\" data-element_type=\"container\" data-e-type=\"container\">\n\t\t\t\t\t<div class=\"e-con-inner\">\n\t\t\t\t<div class=\"elementor-element elementor-element-52031ef content-align-cta-default elementor-widget elementor-widget-eael-cta-box\" data-id=\"52031ef\" data-element_type=\"widget\" data-e-type=\"widget\" data-widget_type=\"eael-cta-box.default\">\n\t\t\t\t<div class=\"elementor-widget-container\">\n\t\t\t\t\t\t\t<div class=\"eael-call-to-action cta-basic bg-lite cta-preset-1\">\n        <h2 class=\"title eael-cta-heading\">CONSTITUCI\u00d3N Y REGLAMENTO GENERAL DE LA IGLESIA PENTECOSTAL BUENAS NUEVAS EN CUBA<\/h2><p>Este documento es de tipo archivo PDF. Para descargarlo presione el siguiente bot\u00f3n.<\/p><a href=\"http:\/\/bncuba.org\/wp-content\/uploads\/2024\/10\/Reglamento.-Iglesia-Buenas-Nuevas.pdf\" class=\"cta-button cta-preset-1  \">Descargar<\/a>\t<\/div>\n\t\t\t\t\t\t\t\t<\/div>\n\t\t\t\t<\/div>\n\t\t\t\t\t<\/div>\n\t\t\t\t<\/div>\n\t\t<div class=\"elementor-element elementor-element-15ad81c e-flex e-con-boxed e-con e-parent\" data-id=\"15ad81c\" data-element_type=\"container\" data-e-type=\"container\">\n\t\t\t\t\t<div class=\"e-con-inner\">\n\t\t\t\t<div class=\"elementor-element elementor-element-c3edec5 elementor-widget elementor-widget-spacer\" data-id=\"c3edec5\" data-element_type=\"widget\" data-e-type=\"widget\" data-widget_type=\"spacer.default\">\n\t\t\t\t<div class=\"elementor-widget-container\">\n\t\t\t\t\t\t\t<div class=\"elementor-spacer\">\n\t\t\t<div class=\"elementor-spacer-inner\"><\/div>\n\t\t<\/div>\n\t\t\t\t\t\t<\/div>\n\t\t\t\t<\/div>\n\t\t\t\t\t<\/div>\n\t\t\t\t<\/div>\n\t\t<div class=\"elementor-element elementor-element-147e618 e-flex e-con-boxed e-con e-parent\" data-id=\"147e618\" data-element_type=\"container\" data-e-type=\"container\">\n\t\t\t\t\t<div class=\"e-con-inner\">\n\t\t\t\t<div class=\"elementor-element elementor-element-db9e4d7 elementor-widget elementor-widget-heading\" data-id=\"db9e4d7\" data-element_type=\"widget\" data-e-type=\"widget\" data-widget_type=\"heading.default\">\n\t\t\t\t<div class=\"elementor-widget-container\">\n\t\t\t\t\t<h2 class=\"elementor-heading-title elementor-size-default\">Declaraci\u00f3n de Fe<\/h2>\t\t\t\t<\/div>\n\t\t\t\t<\/div>\n\t\t\t\t\t<\/div>\n\t\t\t\t<\/div>\n\t\t\t\t<section class=\"elementor-section elementor-top-section elementor-element elementor-element-4a4659a elementor-section-boxed elementor-section-height-default elementor-section-height-default\" data-id=\"4a4659a\" data-element_type=\"section\" data-e-type=\"section\">\n\t\t\t\t\t\t<div class=\"elementor-container elementor-column-gap-default\">\n\t\t\t\t\t<div class=\"elementor-column elementor-col-50 elementor-top-column elementor-element elementor-element-bd20fa5\" data-id=\"bd20fa5\" data-element_type=\"column\" data-e-type=\"column\">\n\t\t\t<div class=\"elementor-widget-wrap elementor-element-populated\">\n\t\t\t\t\t\t<div class=\"elementor-element elementor-element-b53d5eb elementor-widget elementor-widget-image\" data-id=\"b53d5eb\" data-element_type=\"widget\" data-e-type=\"widget\" data-widget_type=\"image.default\">\n\t\t\t\t<div class=\"elementor-widget-container\">\n\t\t\t\t\t\t\t\t\t\t\t\t\t\t\t<img decoding=\"async\" src=\"https:\/\/bncuba.org\/wp-content\/uploads\/2022\/12\/g16255.jpg\" title=\"g16255\" alt=\"g16255\" loading=\"lazy\" \/>\t\t\t\t\t\t\t\t\t\t\t\t\t\t\t<\/div>\n\t\t\t\t<\/div>\n\t\t\t\t\t<\/div>\n\t\t<\/div>\n\t\t\t\t<div class=\"elementor-column elementor-col-50 elementor-top-column elementor-element elementor-element-56b24fd\" data-id=\"56b24fd\" data-element_type=\"column\" data-e-type=\"column\">\n\t\t\t<div class=\"elementor-widget-wrap elementor-element-populated\">\n\t\t\t\t\t\t<div class=\"elementor-element elementor-element-fa1468b elementor-widget elementor-widget-text-editor\" data-id=\"fa1468b\" data-element_type=\"widget\" data-e-type=\"widget\" data-widget_type=\"text-editor.default\">\n\t\t\t\t<div class=\"elementor-widget-container\">\n\t\t\t\t\t\t\t\t\t<p>\u00a0<\/p>\n<h3><span style=\"color: #333300;\"><strong>Nosotros la Iglesia Pentecostal \u00abBuenas Nuevas\u00bb en Cuba:<\/strong><\/span><\/h3>\t\t\t\t\t\t\t\t<\/div>\n\t\t\t\t<\/div>\n\t\t\t\t\t<\/div>\n\t\t<\/div>\n\t\t\t\t\t<\/div>\n\t\t<\/section>\n\t\t<div class=\"elementor-element elementor-element-7fee305 e-flex e-con-boxed e-con e-parent\" data-id=\"7fee305\" data-element_type=\"container\" data-e-type=\"container\">\n\t\t\t\t\t<div class=\"e-con-inner\">\n\t\t\t\t\t<\/div>\n\t\t\t\t<\/div>\n\t\t\t\t<section class=\"elementor-section elementor-top-section elementor-element elementor-element-1f0a8253 elementor-section-boxed elementor-section-height-default elementor-section-height-default\" data-id=\"1f0a8253\" data-element_type=\"section\" data-e-type=\"section\">\n\t\t\t\t\t\t<div class=\"elementor-container elementor-column-gap-default\">\n\t\t\t\t\t<div class=\"elementor-column elementor-col-100 elementor-top-column elementor-element elementor-element-4386eae4\" data-id=\"4386eae4\" data-element_type=\"column\" data-e-type=\"column\">\n\t\t\t<div class=\"elementor-widget-wrap elementor-element-populated\">\n\t\t\t\t\t\t<div class=\"elementor-element elementor-element-824db69 elementor-widget elementor-widget-text-editor\" data-id=\"824db69\" data-element_type=\"widget\" data-e-type=\"widget\" data-widget_type=\"text-editor.default\">\n\t\t\t\t<div class=\"elementor-widget-container\">\n\t\t\t\t\t\t\t\t\t<p>Manifestamos:<\/p>\n<p>Que el prop\u00f3sito de Dios, nuestro Padre Celestial, es alcanzar a las personas de este mundo para salvaci\u00f3n en Jesucristo, quienes constituir\u00e1n el cuerpo: la Iglesia de Cristo Jes\u00fas, la cual ser\u00e1 edificada y establecida sobre el fundamento de los ap\u00f3stoles y profetas, siendo Jesucristo mismo la piedra angular.<\/p>\n<p>Que los miembros del cuerpo, la Iglesia, se junten para que unidos adoren, confraternicen y reciban instrucciones de la Palabra de Dios para el trabajo de su ministerio y para el ejercicio de los dones espirituales y los oficios provistos en el Nuevo Testamento.<\/p>\n<p>Que de acuerdo a la Palabra de Dios, los cristianos primitivos se unieron en verdadero compa\u00f1erismo para representar un cuerpo de creyentes lavados con la sangre de Cristo, llenos del Esp\u00edritu Santo para establecer sobre la Iglesia pastores, maestros, di\u00e1conos y otros ministerios b\u00edblicos. Por lo tanto:<\/p>\n<p>Proclamamos ser una Asociaci\u00f3n de Iglesias, conformada por un grupo de Iglesias unidas, cooperadoras, \u00absol\u00edcitas en guardar la unidad del Esp\u00edritu en el v\u00ednculo de la paz; [\u2026] hasta que todos lleguemos a la unidad de la fe y del conocimiento del Hijo de Dios, a un var\u00f3n perfecto, a la medida de la estatura de la plenitud de Cristo\u00bb. (Efesios 4:3- 13)<\/p>\n<p>\u2022 <strong>Creemos que:<\/strong> Las Escrituras del Antiguo y Nuevo Testamento son la Palabra inspirada por Dios,infalible y autoritativa (2 da Timoteo 3:16), present\u00e1ndonos la completa revelaci\u00f3n de su voluntad para la salvaci\u00f3n de los hombres y constituyendo la \u00fanica y divina regla de pr\u00e1ctica y fe cristiana.<\/p>\n<p>\u2022 <strong>Creemos que:<\/strong> Hay un solo Dios verdadero y viviente, quien es eterno, infinito en poder, sabidur\u00eda y bondad; creador de todas las cosas, visibles e invisibles, y preservador de todo lo que existe (Romanos 1:20, Colosenses 1:16). En esta deidad hay tres personas de una esencia individual, quienes son iguales, coexistentes y coeternos: el Padre, el Hijo y el Esp\u00edritu Santo (Mateo 3:16; 28:18, Juan 1:1, Juan 14:26; 10:33, 2da Corintios 13:14, Filipenses 2:6, Hebreos 9:14,)<\/p>\n<p>\u2022 <strong>Creemos:<\/strong> En la deidad del Se\u00f1or Jesucristo, el hijo es Dios, quien acept\u00f3 limitaciones terrenales, siendo verdadero Dios y un verdadero hombre; concebido por el Esp\u00edritu Santo y nacido de la virgen Mar\u00eda.<\/p>\n<p>\u2022 <strong>Creemos que:<\/strong> El Se\u00f1or Jesucristo muri\u00f3 en la cruz del Calvario, el justo por los injustos, como un sacrificio sustitutivo, y todos los que creen en \u00c9l son justificados por su sangre derramada en la cruz del calvario.<\/p>\n<p>\u2022 <strong>Creemos que:<\/strong> El Se\u00f1or Jesucristo resucit\u00f3 de entre los muertos, de acuerdo a las Escrituras y ahora est\u00e1 sentado a la diestra de la majestad en las alturas como nuestro sumo sacerdote, \u00c9l retornar\u00e1 otra vez a establecer su reino de justicia y de juicio.<\/p>\n<p>\u2022 <strong>Creemos que:<\/strong> El Esp\u00edritu Santo es la tercera persona de la Trinidad, Dios mismo, el Poder Divino no creado sino creador, capaz de morar en el coraz\u00f3n del hombre. No es una mera influencia benigna, pues participa plenamente de la vida y la autoridad de Dios, por medio de \u00c9l Dios se manifiesta frecuentemente. El Esp\u00edritu Santo particip\u00f3 en la creaci\u00f3n del mundo (G\u00e9nesis 1:2, Job 26:3; 33:4, Salmos 104:4)<\/p>\n<p>\u2022 <strong>Creemos:<\/strong> En el ministerio actual del Esp\u00edritu Santo, que al morar en el cristiano lo capacita para vivir una vida piadosa. (Juan 3:5-8; Hechos 1:8, 4:31; Romanos 8:9; 1 Corintios 2:14; G\u00e1latas 5:16- 18; Efesios 6:12; Colosenses 2:6-10).<\/p>\n<p>\u2022 <strong>Creemos que:<\/strong> El hombre es un ser creado, hecho a la imagen y semejanza de Dios, pero por la trasgresi\u00f3n de Ad\u00e1n, cay\u00f3 y vino el pecado al mundo (Romanos 3:23).<\/p>\n<p>\u2022 <strong>Creemos que:<\/strong> Todos los hombres en todo lugar, est\u00e1n perdidos y enfrentan el juicio de Dios, que Jesucristo es el \u00fanico camino para la salvaci\u00f3n del hombre perdido y pecador, que el arrepentimiento del pecado y la fe en Jesucristo resulta en la regeneraci\u00f3n por el Esp\u00edritu Santo. (Lucas 24:46-47; Juan 14:6; Hechos 4:12; Romanos 3:23; 2 Corintios 5:10-11; Efesios 1:7 y 2:8-9; Tito 3:4-7).<\/p>\n<p>\u2022 <strong>Creemos que:<\/strong> La gracia de Dios que trae salvaci\u00f3n ha sido manifestada a los hombres por la predicaci\u00f3n del arrepentimiento hacia Dios y la fe en el Se\u00f1or Jesucristo, siendo necesaria la renovaci\u00f3n del Esp\u00edritu Santo, y siendo justificados por la gracia, por medio de la fe, viene a ser heredero de Dios, seg\u00fan la esperanza de vida eterna (Lucas24:47, Romanos 10:13, Tito 2:11; 3:5- 7)<\/p>\n<p>\u2022 <strong>Creemos que:<\/strong> La Iglesia verdadera, edificada sobre el fundamento que es Cristo Jes\u00fas (1ra Corintios 3:11, Efesios 2:20), es el cuerpo de nuestro Se\u00f1or (Efesios 1:22, Colosenses 1:18), y est\u00e1 constituida terrenalmente por todos aquellos verdaderos creyentes nacidos de nuevo por el Esp\u00edritu Santo (Juan 3:6) y de la Palabra de Dios (1ra Pedro 1:23), quienes viven una vida cristiana victoriosa (Efesios 5:27, Apocalipsis 21:27)<\/p>\n<p>\u2022 <strong>Creemos que:<\/strong> Dios, por medio del Esp\u00edritu Santo, definitivamente llama a aquellos como \u00c9l desea, para servir como ap\u00f3stoles, profetas, evangelistas, pastores y maestros, y espec\u00edficamente unge a los que tienen el llamado con los talentos y dones peculiares a dichos oficios (Efesios 4:11-13).<\/p>\n<p>\u2022 <strong>Creemos que:<\/strong> El bautismo en agua por inmersi\u00f3n es un mandamiento directo de nuestro Se\u00f1or Jesucristo (Mateo 28:19), y es para los creyentes solamente.<\/p>\n<p>\u2022 <strong>Creemos que:<\/strong> El bautismo en el Esp\u00edritu Santo y Fuego (Mateo 3:11) es un regalo de Dios, prometido por el Se\u00f1or Jesucristo a todos los creyentes en esta dispensaci\u00f3n, y es recibido subsiguiente al nuevo nacimiento (Juan 14:16-17, Hechos 1:8; 2:4; 10:44-48).<\/p>\n<p>\u2022 <strong>Creemos que:<\/strong> La Santificaci\u00f3n es necesaria, progresiva y obra de la gracia; comenzando esta con el nuevo nacimiento y continuando hasta la consumaci\u00f3n de la salvaci\u00f3n (Juan 17:17, 1ra Corintios 6:11, Efesios 5:26, 1ra Tesalonicenses 5:23, 2 da Tesalonicenses 2:13, Hebreos 13:12, 1ra Pedro 1:2).<\/p>\n<p>\u2022 <strong>Creemos que:<\/strong> La ordenanza de la Santa Cena, es un mandamiento de nuestro Se\u00f1or Jesucristo, en la cual hacemos memoria de su muerte y resurrecci\u00f3n. Es estrictamente limitada a los creyentes en Jesucristo (1ra Corintios 11:27).<\/p>\n<p>\u2022 <strong>Creemos que:<\/strong> La sanidad divina es obrada por el poder de Dios a trav\u00e9s de la oraci\u00f3n de fe y por la imposici\u00f3n de manos (Marcos 16:18, Santiago 5:14-15).<\/p>\n<p>\u2022 <strong>Creemos:<\/strong> En la resurrecci\u00f3n tanto de los salvos como de los perdidos; los salvos para resurrecci\u00f3n de vida eterna, y los perdidos para resurrecci\u00f3n de condenaci\u00f3n y castigo eternos. (1 Corintios 15:51-57; Apocalipsis 20:11-15).<\/p>\n<p>\u2022 <strong>Creemos que:<\/strong> La Biblia presenta la venida de Cristo como personal e inminente.<\/p>\n<p>\u2022 <strong>Creemos que:<\/strong> El que muere f\u00edsicamente en su pecado, y sin tener a Cristo en su coraz\u00f3n, no tiene esperanza y estar\u00e1 perdido eternamente en el lago de fuego, y por lo tanto, no tiene m\u00e1s oportunidad de o\u00edr el evangelio o de arrepentirse (Mateo 25:41-46, Hebreos 9:27)<\/p>\n<p>\u2022 <strong>Creemos que:<\/strong> El plan de Dios para la sexualidad humana se expresa \u00fanicamente dentro del contexto del matrimonio, y que Dios cre\u00f3 al hombre y la mujer como personas biol\u00f3gicas \u00fanicas hechas para completar el uno al otro. Dios instituy\u00f3 el matrimonio mon\u00f3gamo, constituido por la uni\u00f3n entre un hombre (nacido var\u00f3n) y una mujer (nacida hembra). (G\u00e9nesis 2:18-24) Por esta raz\u00f3n creemos que el matrimonio es exclusivamente la uni\u00f3n de un var\u00f3n gen\u00e9tico y una mujer gen\u00e9tica. (G\u00e9nesis 2:24;<br \/>Mateo 19:5-6; Marcos 10:6-9; Romanos 1:26-27; 1 Corintios 6:9).<\/p>\n<p>\u2022 <strong>Creemos:<\/strong> En la unidad espiritual de los creyentes en el Se\u00f1or Jesucristo, y que todos los verdaderos creyentes son miembros de su cuerpo: la Iglesia. (1 Corintios 12:12, 27; Efesios 1:22-23).<\/p>\n<p>\u2022 <strong>Creemos que:<\/strong> El ministerio de evangelismo y discipulado es una responsabilidad de todos los seguidores de Jesucristo. (Mateo 28:18-20; Hechos 1:8; Romanos 10:9-15; 1 Pedro 3:15.4)<\/p>\n<p>\u2022 <strong>Creemos que:<\/strong> Nos debemos dedicar a la oraci\u00f3n, al servicio a nuestro Se\u00f1or, a su autoridad sobre nuestras vidas, y al ministerio del evangelismo. (Mateo 9:35-38; 22:37-39, y 28:18-20; Hechos 1:8; Romanos 10:9-15 y 12:20-21; G\u00e1latas 6:10; Colosenses 2:6-10; 1 Pedro 3:15).<\/p>\n<p>\u2022 <strong>Creemos que:<\/strong> La vida humana es sagrada desde su concepci\u00f3n hasta su final natural, y que debemos preocuparnos por las necesidades f\u00edsicas y espirituales de nuestros semejantes. (Salmo 139:13; Isa\u00edas 49:1; Jerem\u00edas 1:5; Mateo 22:37-39; Romanos 12:20-21; G\u00e1latas 6:10)<\/p>\t\t\t\t\t\t\t\t<\/div>\n\t\t\t\t<\/div>\n\t\t\t\t\t<\/div>\n\t\t<\/div>\n\t\t\t\t\t<\/div>\n\t\t<\/section>\n\t\t\t\t<\/div>\n\t\t","protected":false},"excerpt":{"rendered":"<p>CONSTITUCI\u00d3N Y REGLAMENTO GENERAL DE LA IGLESIA PENTECOSTAL BUENAS NUEVAS EN CUBA Este documento es de tipo archivo PDF. Para descargarlo presione el siguiente bot\u00f3n. Descargar Declaraci\u00f3n de Fe \u00a0 Nosotros la Iglesia Pentecostal \u00abBuenas Nuevas\u00bb en Cuba: Manifestamos: Que el prop\u00f3sito de Dios, nuestro Padre Celestial, es alcanzar a las personas de este mundo&hellip;&nbsp;<a href=\"https:\/\/bncuba.org\/index.php\/declaracion-de-fe\/\" class=\"\" rel=\"bookmark\">Leer m\u00e1s &raquo;<span class=\"screen-reader-text\">Constituci\u00f3n y Declaraci\u00f3n de Fe<\/span><\/a><\/p>\n","protected":false},"author":1,"featured_media":0,"parent":0,"menu_order":0,"comment_status":"closed","ping_status":"closed","template":"elementor_canvas","meta":{"neve_meta_sidebar":"","neve_meta_container":"","neve_meta_enable_content_width":"","neve_meta_content_width":0,"neve_meta_title_alignment":"","neve_meta_author_avatar":"","neve_post_elements_order":"","neve_meta_disable_header":"","neve_meta_disable_footer":"","neve_meta_disable_title":"","footnotes":""},"class_list":["post-51","page","type-page","status-publish","hentry"],"_links":{"self":[{"href":"https:\/\/bncuba.org\/index.php\/wp-json\/wp\/v2\/pages\/51","targetHints":{"allow":["GET"]}}],"collection":[{"href":"https:\/\/bncuba.org\/index.php\/wp-json\/wp\/v2\/pages"}],"about":[{"href":"https:\/\/bncuba.org\/index.php\/wp-json\/wp\/v2\/types\/page"}],"author":[{"embeddable":true,"href":"https:\/\/bncuba.org\/index.php\/wp-json\/wp\/v2\/users\/1"}],"replies":[{"embeddable":true,"href":"https:\/\/bncuba.org\/index.php\/wp-json\/wp\/v2\/comments?post=51"}],"version-history":[{"count":73,"href":"https:\/\/bncuba.org\/index.php\/wp-json\/wp\/v2\/pages\/51\/revisions"}],"predecessor-version":[{"id":748,"href":"https:\/\/bncuba.org\/index.php\/wp-json\/wp\/v2\/pages\/51\/revisions\/748"}],"wp:attachment":[{"href":"https:\/\/bncuba.org\/index.php\/wp-json\/wp\/v2\/media?parent=51"}],"curies":[{"name":"wp","href":"https:\/\/api.w.org\/{rel}","templated":true}]}}